{"id":1240,"date":"2025-07-01T09:30:28","date_gmt":"2025-07-01T07:30:28","guid":{"rendered":"https:\/\/chx.ch\/publications\/"},"modified":"2025-09-09T17:22:45","modified_gmt":"2025-09-09T15:22:45","slug":"publications","status":"publish","type":"page","link":"https:\/\/chx.ch\/fr\/publications\/","title":{"rendered":"Publications"},"content":{"rendered":"","protected":false},"excerpt":{"rendered":"<p> [&#8230;]<\/p>\n<p><a class=\"btn btn-secondary understrap-read-more-link\" href=\"https:\/\/chx.ch\/fr\/publications\/\">Lire la suite\u2026<span class=\"screen-reader-text\"> from Publications<\/span><\/a><\/p>\n","protected":false},"author":1,"featured_media":779,"parent":0,"menu_order":0,"comment_status":"closed","ping_status":"closed","template":"page-publikationen.php","meta":{"_acf_changed":false,"footnotes":""},"class_list":["post-1240","page","type-page","status-publish","has-post-thumbnail","hentry"],"acf":[],"yoast_head":"<!-- This site is optimized with the Yoast SEO plugin v26.3 - https:\/\/yoast.com\/wordpress\/plugins\/seo\/ -->\n<title>Publications | ch-x<\/title>\n<meta name=\"description\" content=\"Retrouvez toutes les publications scientifiques, rapports et fiches d&#039;information du sondage ch-x. R\u00e9sultats actuels et analyses \u00e0 t\u00e9l\u00e9charger.\" \/>\n<meta name=\"robots\" content=\"index, follow, max-snippet:-1, max-image-preview:large, max-video-preview:-1\" \/>\n<link rel=\"canonical\" href=\"https:\/\/chx.ch\/fr\/publications\/\" \/>\n<meta property=\"og:locale\" content=\"fr_FR\" \/>\n<meta property=\"og:type\" content=\"article\" \/>\n<meta property=\"og:title\" content=\"Publications | ch-x\" \/>\n<meta property=\"og:description\" content=\"Retrouvez toutes les publications scientifiques, rapports et fiches d&#039;information du sondage ch-x. R\u00e9sultats actuels et analyses \u00e0 t\u00e9l\u00e9charger.\" \/>\n<meta property=\"og:url\" content=\"https:\/\/chx.ch\/fr\/publications\/\" \/>\n<meta property=\"og:site_name\" content=\"ch-x\" \/>\n<meta property=\"article:modified_time\" content=\"2025-09-09T15:22:45+00:00\" \/>\n<meta property=\"og:image\" content=\"https:\/\/chx.ch\/wp-content\/uploads\/2025\/07\/Heizungsinstallateur.in_SwissSkills-2018-BE_C-by-Michael-Zanghelleini_74811-scaled.jpg\" \/>\n\t<meta property=\"og:image:width\" content=\"2560\" \/>\n\t<meta property=\"og:image:height\" content=\"1707\" \/>\n\t<meta property=\"og:image:type\" content=\"image\/jpeg\" \/>\n<meta name=\"twitter:card\" content=\"summary_large_image\" \/>\n<script type=\"application\/ld+json\" class=\"yoast-schema-graph\">{\"@context\":\"https:\/\/schema.org\",\"@graph\":[{\"@type\":\"WebPage\",\"@id\":\"https:\/\/chx.ch\/fr\/publications\/\",\"url\":\"https:\/\/chx.ch\/fr\/publications\/\",\"name\":\"Publications | ch-x\",\"isPartOf\":{\"@id\":\"https:\/\/chx.ch\/fr\/#website\"},\"primaryImageOfPage\":{\"@id\":\"https:\/\/chx.ch\/fr\/publications\/#primaryimage\"},\"image\":{\"@id\":\"https:\/\/chx.ch\/fr\/publications\/#primaryimage\"},\"thumbnailUrl\":\"https:\/\/chx.ch\/wp-content\/uploads\/2025\/07\/Heizungsinstallateur.in_SwissSkills-2018-BE_C-by-Michael-Zanghelleini_74811-scaled.jpg\",\"datePublished\":\"2025-07-01T07:30:28+00:00\",\"dateModified\":\"2025-09-09T15:22:45+00:00\",\"description\":\"Retrouvez toutes les publications scientifiques, rapports et fiches d'information du sondage ch-x. R\u00e9sultats actuels et analyses \u00e0 t\u00e9l\u00e9charger.\",\"breadcrumb\":{\"@id\":\"https:\/\/chx.ch\/fr\/publications\/#breadcrumb\"},\"inLanguage\":\"fr-FR\",\"potentialAction\":[{\"@type\":\"ReadAction\",\"target\":[\"https:\/\/chx.ch\/fr\/publications\/\"]}]},{\"@type\":\"ImageObject\",\"inLanguage\":\"fr-FR\",\"@id\":\"https:\/\/chx.ch\/fr\/publications\/#primaryimage\",\"url\":\"https:\/\/chx.ch\/wp-content\/uploads\/2025\/07\/Heizungsinstallateur.in_SwissSkills-2018-BE_C-by-Michael-Zanghelleini_74811-scaled.jpg\",\"contentUrl\":\"https:\/\/chx.ch\/wp-content\/uploads\/2025\/07\/Heizungsinstallateur.in_SwissSkills-2018-BE_C-by-Michael-Zanghelleini_74811-scaled.jpg\",\"width\":2560,\"height\":1707,\"caption\":\"12. September 2018; Bern; SwissSkills 2018 - 3. Tag - Heizungsinstallateur\/in EFZ \/ Installateur en chauffage CFC \/ Installatrice en chauffage CFC \/ Installatore di riscaldamenti (AFC) \/ Installatrice di riscaldamenti (AFC) \/ Suissetec - Schweizerisch-Liechtensteinischer Geb?udetechnikverband \/ Suissetec - Association suisse et liechtensteinoise de la technique du b?timent \/ Suissetec - Associazione svizzera e del Liechtenstein della tecnica della costruzione (Michael Zanghellini)\"},{\"@type\":\"BreadcrumbList\",\"@id\":\"https:\/\/chx.ch\/fr\/publications\/#breadcrumb\",\"itemListElement\":[{\"@type\":\"ListItem\",\"position\":1,\"name\":\"Home\",\"item\":\"https:\/\/chx.ch\/fr\/\"},{\"@type\":\"ListItem\",\"position\":2,\"name\":\"Publications\"}]},{\"@type\":\"WebSite\",\"@id\":\"https:\/\/chx.ch\/fr\/#website\",\"url\":\"https:\/\/chx.ch\/fr\/\",\"name\":\"ch-x\",\"description\":\"Eidgen\u00f6ssische Jugendbefragungen\",\"potentialAction\":[{\"@type\":\"SearchAction\",\"target\":{\"@type\":\"EntryPoint\",\"urlTemplate\":\"https:\/\/chx.ch\/fr\/?s={search_term_string}\"},\"query-input\":{\"@type\":\"PropertyValueSpecification\",\"valueRequired\":true,\"valueName\":\"search_term_string\"}}],\"inLanguage\":\"fr-FR\"}]}<\/script>\n<!-- \/ Yoast SEO plugin. -->","yoast_head_json":{"title":"Publications | ch-x","description":"Retrouvez toutes les publications scientifiques, rapports et fiches d'information du sondage ch-x. R\u00e9sultats actuels et analyses \u00e0 t\u00e9l\u00e9charger.","robots":{"index":"index","follow":"follow","max-snippet":"max-snippet:-1","max-image-preview":"max-image-preview:large","max-video-preview":"max-video-preview:-1"},"canonical":"https:\/\/chx.ch\/fr\/publications\/","og_locale":"fr_FR","og_type":"article","og_title":"Publications | ch-x","og_description":"Retrouvez toutes les publications scientifiques, rapports et fiches d'information du sondage ch-x. R\u00e9sultats actuels et analyses \u00e0 t\u00e9l\u00e9charger.","og_url":"https:\/\/chx.ch\/fr\/publications\/","og_site_name":"ch-x","article_modified_time":"2025-09-09T15:22:45+00:00","og_image":[{"width":2560,"height":1707,"url":"https:\/\/chx.ch\/wp-content\/uploads\/2025\/07\/Heizungsinstallateur.in_SwissSkills-2018-BE_C-by-Michael-Zanghelleini_74811-scaled.jpg","type":"image\/jpeg"}],"twitter_card":"summary_large_image","schema":{"@context":"https:\/\/schema.org","@graph":[{"@type":"WebPage","@id":"https:\/\/chx.ch\/fr\/publications\/","url":"https:\/\/chx.ch\/fr\/publications\/","name":"Publications | ch-x","isPartOf":{"@id":"https:\/\/chx.ch\/fr\/#website"},"primaryImageOfPage":{"@id":"https:\/\/chx.ch\/fr\/publications\/#primaryimage"},"image":{"@id":"https:\/\/chx.ch\/fr\/publications\/#primaryimage"},"thumbnailUrl":"https:\/\/chx.ch\/wp-content\/uploads\/2025\/07\/Heizungsinstallateur.in_SwissSkills-2018-BE_C-by-Michael-Zanghelleini_74811-scaled.jpg","datePublished":"2025-07-01T07:30:28+00:00","dateModified":"2025-09-09T15:22:45+00:00","description":"Retrouvez toutes les publications scientifiques, rapports et fiches d'information du sondage ch-x. R\u00e9sultats actuels et analyses \u00e0 t\u00e9l\u00e9charger.","breadcrumb":{"@id":"https:\/\/chx.ch\/fr\/publications\/#breadcrumb"},"inLanguage":"fr-FR","potentialAction":[{"@type":"ReadAction","target":["https:\/\/chx.ch\/fr\/publications\/"]}]},{"@type":"ImageObject","inLanguage":"fr-FR","@id":"https:\/\/chx.ch\/fr\/publications\/#primaryimage","url":"https:\/\/chx.ch\/wp-content\/uploads\/2025\/07\/Heizungsinstallateur.in_SwissSkills-2018-BE_C-by-Michael-Zanghelleini_74811-scaled.jpg","contentUrl":"https:\/\/chx.ch\/wp-content\/uploads\/2025\/07\/Heizungsinstallateur.in_SwissSkills-2018-BE_C-by-Michael-Zanghelleini_74811-scaled.jpg","width":2560,"height":1707,"caption":"12. September 2018; Bern; SwissSkills 2018 - 3. Tag - Heizungsinstallateur\/in EFZ \/ Installateur en chauffage CFC \/ Installatrice en chauffage CFC \/ Installatore di riscaldamenti (AFC) \/ Installatrice di riscaldamenti (AFC) \/ Suissetec - Schweizerisch-Liechtensteinischer Geb?udetechnikverband \/ Suissetec - Association suisse et liechtensteinoise de la technique du b?timent \/ Suissetec - Associazione svizzera e del Liechtenstein della tecnica della costruzione (Michael Zanghellini)"},{"@type":"BreadcrumbList","@id":"https:\/\/chx.ch\/fr\/publications\/#breadcrumb","itemListElement":[{"@type":"ListItem","position":1,"name":"Home","item":"https:\/\/chx.ch\/fr\/"},{"@type":"ListItem","position":2,"name":"Publications"}]},{"@type":"WebSite","@id":"https:\/\/chx.ch\/fr\/#website","url":"https:\/\/chx.ch\/fr\/","name":"ch-x","description":"Eidgen\u00f6ssische Jugendbefragungen","potentialAction":[{"@type":"SearchAction","target":{"@type":"EntryPoint","urlTemplate":"https:\/\/chx.ch\/fr\/?s={search_term_string}"},"query-input":{"@type":"PropertyValueSpecification","valueRequired":true,"valueName":"search_term_string"}}],"inLanguage":"fr-FR"}]}},"_links":{"self":[{"href":"https:\/\/chx.ch\/fr\/wp-json\/wp\/v2\/pages\/1240","targetHints":{"allow":["GET"]}}],"collection":[{"href":"https:\/\/chx.ch\/fr\/wp-json\/wp\/v2\/pages"}],"about":[{"href":"https:\/\/chx.ch\/fr\/wp-json\/wp\/v2\/types\/page"}],"author":[{"embeddable":true,"href":"https:\/\/chx.ch\/fr\/wp-json\/wp\/v2\/users\/1"}],"replies":[{"embeddable":true,"href":"https:\/\/chx.ch\/fr\/wp-json\/wp\/v2\/comments?post=1240"}],"version-history":[{"count":1,"href":"https:\/\/chx.ch\/fr\/wp-json\/wp\/v2\/pages\/1240\/revisions"}],"predecessor-version":[{"id":1241,"href":"https:\/\/chx.ch\/fr\/wp-json\/wp\/v2\/pages\/1240\/revisions\/1241"}],"wp:featuredmedia":[{"embeddable":true,"href":"https:\/\/chx.ch\/fr\/wp-json\/wp\/v2\/media\/779"}],"wp:attachment":[{"href":"https:\/\/chx.ch\/fr\/wp-json\/wp\/v2\/media?parent=1240"}],"curies":[{"name":"wp","href":"https:\/\/api.w.org\/{rel}","templated":true}]}}